{"id":1390,"date":"2021-07-03T13:11:58","date_gmt":"2021-07-30T20:12:20","guid":{"rendered":"https:\/\/erikandviktoria.com\/product\/ujszulott-kapucnis-torolkozo-szurke-toile-de-jouy\/"},"modified":"2022-11-22T05:46:26","modified_gmt":"2022-11-22T05:46:26","slug":"kapucnis-baba-torolkozo-szurke-toile-de-jouy","status":"publish","type":"product","link":"https:\/\/erikandviktoria.com\/hu\/termek\/kapucnis-baba-torolkozo-szurke-toile-de-jouy\/","title":{"rendered":"Kapucnis Baba T\u00f6r\u00f6lk\u00f6z\u0151 &#8211; Sz\u00fcrke Toile de Jouy"},"content":{"rendered":"<p>Legels\u0151 kollekci\u00f3nk r\u00e9szek\u00e9nt ez az \u00fajsz\u00fcl\u00f6tt kapucnis t\u00f6r\u00f6lk\u00f6z\u0151 sz\u00fcrke Toile de Jouy mint\u00e1val sikkes \u00e9s eleg\u00e1ns, kiemelked\u0151en puha \u00e9s finom anyagb\u00f3l k\u00e9sz\u00fclt \u00e9s a gyermekkor pasztel sz\u00edneiben pomp\u00e1zik. Nagyszer\u0171 de m\u00e9gis eleg\u00e1nsan letisztult, l\u00e1gy anyag\u00e1val \u00e9s elb\u0171v\u00f6l\u0151en puha text\u00far\u00e1j\u00e1val biztos\u00edtja hogy gyermeke a legjobbat kapja m\u00e1r a kezdetekt\u0151l.<\/p>\n<p>Ez az \u00fajsz\u00fcl\u00f6tt kapucnis t\u00f6r\u00f6lk\u00f6z\u0151 egy klasszikus, halv\u00e1nysz\u00fcrke Toile de Jouy mint\u00e1val d\u00edsz\u00edtett. A 18. sz\u00e1zadi eur\u00f3pai elegancia \u00e9s st\u00edlus inspir\u00e1lta, egy id\u0151t\u00e1ll\u00f3 klasszikus mely sosem megy ki a divatb\u00f3l k\u00f6l\u00fcnleges \u00e9s var\u00e1zslatos mint\u00e1j\u00e1nak k\u00f6sz\u00f6nhet\u0151en. Az aranyos \u00e1llatokkal d\u00edsz\u00edtett pamut szeg\u00e9llyel, klasszikus halv\u00e1nysz\u00fcrke sz\u00ednben, ez a kapucnis t\u00f6r\u00f6lk\u00f6z\u0151 lesz f\u00fcrd\u0151szob\u00e1d legszebb kieg\u00e9sz\u00edt\u0151je.<\/p>\n<p>Kiz\u00e1r\u00f3lag Magyarorsz\u00e1gon k\u00e9zzel k\u00e9sz\u00edtj\u00fck a t\u00f6r\u00f6lk\u00f6z\u0151ket, melyek egyik oldala b\u00e1rsonyos tapint\u00e1s\u00fa, puha t\u00f6r\u00f6lk\u00f6z\u0151 anyag, m\u00edg a h\u00e1toldala klasszikus frott\u00edr. \u00cdgy kisbab\u00e1d egy k\u00e9nyeztet\u0151 f\u00fcrd\u0151 ut\u00e1n ebbe a b\u00e1rsonyosan puha tapint\u00e1s\u00fa t\u00f6r\u00f6lk\u00f6z\u0151be bugyol\u00e1lhatod. Ez a k\u00fcl\u00f6nleges term\u00e9k\u00fcnk st\u00edlusos, m\u00e9gis praktikus, \u00edgy minden f\u00fcrdet\u00e9s egy feledhetetleny \u00e9lm\u00e9nny\u00e9 v\u00e1lik.<\/p>\n<p><strong>Tulajdons\u00e1gok:<\/strong><\/p>\n<ul>\n<li>Szuperpr\u00e9mium min\u0151s\u00e9g \u00e9s egyedi design<\/li>\n<li>B\u00e1rsonyosan puha \u00e9s nagyon k\u00e9nyelmes<\/li>\n<li>Rendk\u00edv\u00fcl nedvsz\u00edv\u00f3 \u00e9s gyorsan sz\u00e1rad\u00f3 anyag<\/li>\n<li>Toile de Jouy minta<\/li>\n<li>Feh\u00e9r t\u00f6r\u00f6lk\u00f6z\u0151, halv\u00e1nysz\u00fcrke Toile de Jouy mint\u00e1j\u00fa pamut anyaggal k\u00f6rbe szegve.<\/li>\n<li>100% puha pamut t\u00f6r\u00f6lk\u00f6z\u0151 anyag (pamut szeg\u00e9llyel)<\/li>\n<li>Kapucnis t\u00f6r\u00f6lk\u00f6z\u0151: 74 cm x 74 cm<\/li>\n<\/ul>\n<p><strong>Tiszt\u00edt\u00e1si \u00fatmutat\u00f3:<\/strong><\/p>\n<ul>\n<li>Mos\u00f3g\u00e9pben moshat\u00f3<\/li>\n<li>Javasolt mos\u00e1si k\u0151m\u00e9rs\u00e9glet 30\u00b0C, norm\u00e1l programon<\/li>\n<li>Els\u0151 haszn\u00e1lat el\u0151tt javasolt kimosni<\/li>\n<\/ul>\n<p>Fedezd fel gy\u00f6ny\u00f6r\u0171 Toile de Jouy mint\u00e1j\u00fa babaszoba \u00e9s f\u00fcrd\u0151szobai <a href=\"\/?page_id=12\">kollekci\u00f3nkat<\/a>.<\/p>\n<p>Inspir\u00e1ci\u00f3\u00e9rt l\u00e1togatsd meg <a href=\"https:\/\/www.instagram.com\/erik_and_viktoria\/\">Instagram oldalunkat<\/a>! \u00d6r\u00f6mmel l\u00e1tn\u00e1nk term\u00e9keinket haszn\u00e1lat k\u00f6zben! Haszn\u00e1ld hashtag\u00fcnket #erikandviktoria a social media-ban \u00e9s mi megosztjuk az oldalunkon.<\/p>\n","protected":false},"excerpt":{"rendered":"<p>Bugyol\u00e1ld gyermeked ebbe a gy\u00f6ny\u00f6r\u0171 \u00e9s b\u00e1rsonyosan puha kapucnis t\u00f6r\u00f6lk\u00f6z\u0151ebe melynek anyag\u00e1t k\u00f6rben halv\u00e1nysz\u00fcrke Toile de Jouy minta d\u00edsz\u00edti.<\/p>\n","protected":false},"featured_media":2495,"comment_status":"open","ping_status":"closed","template":"","meta":{"_monsterinsights_skip_tracking":false,"_monsterinsights_sitenote_active":false,"_monsterinsights_sitenote_note":"","_monsterinsights_sitenote_category":0,"site-sidebar-layout":"default","site-content-layout":"default","ast-site-content-layout":"default","site-content-style":"default","site-sidebar-style":"default","ast-global-header-display":"","ast-banner-title-visibility":"","ast-main-header-display":"","ast-hfb-above-header-display":"","ast-hfb-below-header-display":"","ast-hfb-mobile-header-display":"","site-post-title":"","ast-breadcrumbs-content":"","ast-featured-img":"","footer-sml-layout":"","theme-transparent-header-meta":"default","adv-header-id-meta":"","stick-header-meta":"default","header-above-stick-meta":"","header-main-stick-meta":"","header-below-stick-meta":"","astra-migrate-meta-layouts":"default","ast-page-background-enabled":"default","ast-page-background-meta":{"desktop":{"background-color":"","background-image":"","background-repeat":"repeat","background-position":"center center","background-size":"auto","background-attachment":"scroll","background-type":"","background-media":"","overlay-type":"","overlay-color":"","overlay-opacity":"","overlay-gradient":""},"tablet":{"background-color":"","background-image":"","background-repeat":"repeat","background-position":"center center","background-size":"auto","background-attachment":"scroll","background-type":"","background-media":"","overlay-type":"","overlay-color":"","overlay-opacity":"","overlay-gradient":""},"mobile":{"background-color":"","background-image":"","background-repeat":"repeat","background-position":"center center","background-size":"auto","background-attachment":"scroll","background-type":"","background-media":"","overlay-type":"","overlay-color":"","overlay-opacity":"","overlay-gradient":""}},"ast-content-background-meta":{"desktop":{"background-color":"var(--ast-global-color-5)","background-image":"","background-repeat":"repeat","background-position":"center center","background-size":"auto","background-attachment":"scroll","background-type":"","background-media":"","overlay-type":"","overlay-color":"","overlay-opacity":"","overlay-gradient":""},"tablet":{"background-color":"var(--ast-global-color-5)","background-image":"","background-repeat":"repeat","background-position":"center center","background-size":"auto","background-attachment":"scroll","background-type":"","background-media":"","overlay-type":"","overlay-color":"","overlay-opacity":"","overlay-gradient":""},"mobile":{"background-color":"var(--ast-global-color-5)","background-image":"","background-repeat":"repeat","background-position":"center center","background-size":"auto","background-attachment":"scroll","background-type":"","background-media":"","overlay-type":"","overlay-color":"","overlay-opacity":"","overlay-gradient":""}}},"product_brand":[],"product_cat":[163],"product_tag":[91,106,104,101,100,99,108,182,180,181,97,102,105,103,109],"class_list":{"0":"post-1390","1":"product","2":"type-product","3":"status-publish","4":"has-post-thumbnail","6":"product_cat-furdoszobai-kiegeszitok-hu","7":"product_tag-baby-hu","8":"product_tag-elegans-torolkozo","9":"product_tag-kapucnis-torolkozo","10":"product_tag-kezzel-gyartott","11":"product_tag-kezzel-keszult","12":"product_tag-pamut","13":"product_tag-szurke","14":"product_tag-szurke-baba-torolkozo","15":"product_tag-szurke-kapucnis-torulkozo","16":"product_tag-szurke-torulkozo","17":"product_tag-toile-de-jouy-hu","18":"product_tag-torolkozo","19":"product_tag-ujszulott-kapucnis-torolkozo","20":"product_tag-ujszulott-torolkozo","21":"product_tag-vilagos-szurke","22":"desktop-align-left","23":"tablet-align-left","24":"mobile-align-left","25":"ast-product-gallery-layout-horizontal-slider","26":"ast-product-tabs-layout-horizontal","27":"ast-qv-on-image","29":"first","30":"instock","31":"taxable","32":"shipping-taxable","33":"purchasable","34":"product-type-simple"},"yoast_head":"<!-- This site is optimized with the Yoast SEO plugin v26.0 - https:\/\/yoast.com\/wordpress\/plugins\/seo\/ -->\n<title>Kapucnis Baba T\u00f6r\u00f6lk\u00f6z\u0151 - Sz\u00fcrke Toile de Jouy - ERIK &amp; VIKTORIA<\/title>\n<meta name=\"description\" content=\"B\u00e1rsonyosan puha kapucnis baba t\u00f6r\u00f6lk\u00f6z\u0151, halv\u00e1nysz\u00fcrke pamut anyaggal k\u00f6rbe szegve, Toile de Jouy mint\u00e1val d\u00edsz\u00edtve.\" \/>\n<meta name=\"robots\" content=\"index, follow, max-snippet:-1, max-image-preview:large, max-video-preview:-1\" \/>\n<link rel=\"canonical\" href=\"https:\/\/erikandviktoria.com\/hu\/termek\/kapucnis-baba-torolkozo-szurke-toile-de-jouy\/\" \/>\n<meta property=\"og:locale\" content=\"hu_HU\" \/>\n<meta property=\"og:type\" content=\"article\" \/>\n<meta property=\"og:title\" content=\"Kapucnis Baba T\u00f6r\u00f6lk\u00f6z\u0151 - Sz\u00fcrke Toile de Jouy - ERIK &amp; VIKTORIA\" \/>\n<meta property=\"og:description\" content=\"B\u00e1rsonyosan puha kapucnis baba t\u00f6r\u00f6lk\u00f6z\u0151, halv\u00e1nysz\u00fcrke pamut anyaggal k\u00f6rbe szegve, Toile de Jouy mint\u00e1val d\u00edsz\u00edtve.\" \/>\n<meta property=\"og:url\" content=\"https:\/\/erikandviktoria.com\/hu\/termek\/kapucnis-baba-torolkozo-szurke-toile-de-jouy\/\" \/>\n<meta property=\"og:site_name\" content=\"ERIK &amp; VIKTORIA\" \/>\n<meta property=\"article:modified_time\" content=\"2022-11-22T05:46:26+00:00\" \/>\n<meta property=\"og:image\" content=\"https:\/\/erikandviktoria.com\/wp-content\/uploads\/2021\/07\/BABY-HOODED-TOWEL-\u2013-GREY-TOILE-DE-JOUY_05-2.jpg\" \/>\n\t<meta property=\"og:image:width\" content=\"1200\" \/>\n\t<meta property=\"og:image:height\" content=\"798\" \/>\n\t<meta property=\"og:image:type\" content=\"image\/jpeg\" \/>\n<meta name=\"twitter:card\" content=\"summary_large_image\" \/>\n<meta name=\"twitter:label1\" content=\"Becs\u00fclt olvas\u00e1si id\u0151\" \/>\n\t<meta name=\"twitter:data1\" content=\"2 perc\" \/>\n<script type=\"application\/ld+json\" class=\"yoast-schema-graph\">{\"@context\":\"https:\/\/schema.org\",\"@graph\":[{\"@type\":\"WebPage\",\"@id\":\"https:\/\/erikandviktoria.com\/hu\/termek\/kapucnis-baba-torolkozo-szurke-toile-de-jouy\/\",\"url\":\"https:\/\/erikandviktoria.com\/hu\/termek\/kapucnis-baba-torolkozo-szurke-toile-de-jouy\/\",\"name\":\"Kapucnis Baba T\u00f6r\u00f6lk\u00f6z\u0151 - Sz\u00fcrke Toile de Jouy - ERIK &amp; VIKTORIA\",\"isPartOf\":{\"@id\":\"https:\/\/erikandviktoria.com\/hu\/#website\"},\"primaryImageOfPage\":{\"@id\":\"https:\/\/erikandviktoria.com\/hu\/termek\/kapucnis-baba-torolkozo-szurke-toile-de-jouy\/#primaryimage\"},\"image\":{\"@id\":\"https:\/\/erikandviktoria.com\/hu\/termek\/kapucnis-baba-torolkozo-szurke-toile-de-jouy\/#primaryimage\"},\"thumbnailUrl\":\"https:\/\/erikandviktoria.com\/wp-content\/uploads\/2021\/07\/BABY-HOODED-TOWEL-\u2013-GREY-TOILE-DE-JOUY_05-2.jpg\",\"datePublished\":\"2021-07-30T20:12:20+00:00\",\"dateModified\":\"2022-11-22T05:46:26+00:00\",\"description\":\"B\u00e1rsonyosan puha kapucnis baba t\u00f6r\u00f6lk\u00f6z\u0151, halv\u00e1nysz\u00fcrke pamut anyaggal k\u00f6rbe szegve, Toile de Jouy mint\u00e1val d\u00edsz\u00edtve.\",\"breadcrumb\":{\"@id\":\"https:\/\/erikandviktoria.com\/hu\/termek\/kapucnis-baba-torolkozo-szurke-toile-de-jouy\/#breadcrumb\"},\"inLanguage\":\"hu\",\"potentialAction\":[{\"@type\":\"ReadAction\",\"target\":[\"https:\/\/erikandviktoria.com\/hu\/termek\/kapucnis-baba-torolkozo-szurke-toile-de-jouy\/\"]}]},{\"@type\":\"ImageObject\",\"inLanguage\":\"hu\",\"@id\":\"https:\/\/erikandviktoria.com\/hu\/termek\/kapucnis-baba-torolkozo-szurke-toile-de-jouy\/#primaryimage\",\"url\":\"https:\/\/erikandviktoria.com\/wp-content\/uploads\/2021\/07\/BABY-HOODED-TOWEL-\u2013-GREY-TOILE-DE-JOUY_05-2.jpg\",\"contentUrl\":\"https:\/\/erikandviktoria.com\/wp-content\/uploads\/2021\/07\/BABY-HOODED-TOWEL-\u2013-GREY-TOILE-DE-JOUY_05-2.jpg\",\"width\":1200,\"height\":798},{\"@type\":\"BreadcrumbList\",\"@id\":\"https:\/\/erikandviktoria.com\/hu\/termek\/kapucnis-baba-torolkozo-szurke-toile-de-jouy\/#breadcrumb\",\"itemListElement\":[{\"@type\":\"ListItem\",\"position\":1,\"name\":\"Home\",\"item\":\"https:\/\/erikandviktoria.com\/hu\/home\/\"},{\"@type\":\"ListItem\",\"position\":2,\"name\":\"Shop\",\"item\":\"https:\/\/erikandviktoria.com\/shop\/\"},{\"@type\":\"ListItem\",\"position\":3,\"name\":\"Kapucnis Baba T\u00f6r\u00f6lk\u00f6z\u0151 &#8211; Sz\u00fcrke Toile de Jouy\"}]},{\"@type\":\"WebSite\",\"@id\":\"https:\/\/erikandviktoria.com\/hu\/#website\",\"url\":\"https:\/\/erikandviktoria.com\/hu\/\",\"name\":\"ERIK &amp; VIKTORIA\",\"description\":\"\",\"potentialAction\":[{\"@type\":\"SearchAction\",\"target\":{\"@type\":\"EntryPoint\",\"urlTemplate\":\"https:\/\/erikandviktoria.com\/hu\/?s={search_term_string}\"},\"query-input\":{\"@type\":\"PropertyValueSpecification\",\"valueRequired\":true,\"valueName\":\"search_term_string\"}}],\"inLanguage\":\"hu\"}]}<\/script>\n<!-- \/ Yoast SEO plugin. -->","yoast_head_json":{"title":"Kapucnis Baba T\u00f6r\u00f6lk\u00f6z\u0151 - Sz\u00fcrke Toile de Jouy - ERIK &amp; VIKTORIA","description":"B\u00e1rsonyosan puha kapucnis baba t\u00f6r\u00f6lk\u00f6z\u0151, halv\u00e1nysz\u00fcrke pamut anyaggal k\u00f6rbe szegve, Toile de Jouy mint\u00e1val d\u00edsz\u00edtve.","robots":{"index":"index","follow":"follow","max-snippet":"max-snippet:-1","max-image-preview":"max-image-preview:large","max-video-preview":"max-video-preview:-1"},"canonical":"https:\/\/erikandviktoria.com\/hu\/termek\/kapucnis-baba-torolkozo-szurke-toile-de-jouy\/","og_locale":"hu_HU","og_type":"article","og_title":"Kapucnis Baba T\u00f6r\u00f6lk\u00f6z\u0151 - Sz\u00fcrke Toile de Jouy - ERIK &amp; VIKTORIA","og_description":"B\u00e1rsonyosan puha kapucnis baba t\u00f6r\u00f6lk\u00f6z\u0151, halv\u00e1nysz\u00fcrke pamut anyaggal k\u00f6rbe szegve, Toile de Jouy mint\u00e1val d\u00edsz\u00edtve.","og_url":"https:\/\/erikandviktoria.com\/hu\/termek\/kapucnis-baba-torolkozo-szurke-toile-de-jouy\/","og_site_name":"ERIK &amp; VIKTORIA","article_modified_time":"2022-11-22T05:46:26+00:00","og_image":[{"width":1200,"height":798,"url":"https:\/\/erikandviktoria.com\/wp-content\/uploads\/2021\/07\/BABY-HOODED-TOWEL-\u2013-GREY-TOILE-DE-JOUY_05-2.jpg","type":"image\/jpeg"}],"twitter_card":"summary_large_image","twitter_misc":{"Becs\u00fclt olvas\u00e1si id\u0151":"2 perc"},"schema":{"@context":"https:\/\/schema.org","@graph":[{"@type":"WebPage","@id":"https:\/\/erikandviktoria.com\/hu\/termek\/kapucnis-baba-torolkozo-szurke-toile-de-jouy\/","url":"https:\/\/erikandviktoria.com\/hu\/termek\/kapucnis-baba-torolkozo-szurke-toile-de-jouy\/","name":"Kapucnis Baba T\u00f6r\u00f6lk\u00f6z\u0151 - Sz\u00fcrke Toile de Jouy - ERIK &amp; VIKTORIA","isPartOf":{"@id":"https:\/\/erikandviktoria.com\/hu\/#website"},"primaryImageOfPage":{"@id":"https:\/\/erikandviktoria.com\/hu\/termek\/kapucnis-baba-torolkozo-szurke-toile-de-jouy\/#primaryimage"},"image":{"@id":"https:\/\/erikandviktoria.com\/hu\/termek\/kapucnis-baba-torolkozo-szurke-toile-de-jouy\/#primaryimage"},"thumbnailUrl":"https:\/\/erikandviktoria.com\/wp-content\/uploads\/2021\/07\/BABY-HOODED-TOWEL-\u2013-GREY-TOILE-DE-JOUY_05-2.jpg","datePublished":"2021-07-30T20:12:20+00:00","dateModified":"2022-11-22T05:46:26+00:00","description":"B\u00e1rsonyosan puha kapucnis baba t\u00f6r\u00f6lk\u00f6z\u0151, halv\u00e1nysz\u00fcrke pamut anyaggal k\u00f6rbe szegve, Toile de Jouy mint\u00e1val d\u00edsz\u00edtve.","breadcrumb":{"@id":"https:\/\/erikandviktoria.com\/hu\/termek\/kapucnis-baba-torolkozo-szurke-toile-de-jouy\/#breadcrumb"},"inLanguage":"hu","potentialAction":[{"@type":"ReadAction","target":["https:\/\/erikandviktoria.com\/hu\/termek\/kapucnis-baba-torolkozo-szurke-toile-de-jouy\/"]}]},{"@type":"ImageObject","inLanguage":"hu","@id":"https:\/\/erikandviktoria.com\/hu\/termek\/kapucnis-baba-torolkozo-szurke-toile-de-jouy\/#primaryimage","url":"https:\/\/erikandviktoria.com\/wp-content\/uploads\/2021\/07\/BABY-HOODED-TOWEL-\u2013-GREY-TOILE-DE-JOUY_05-2.jpg","contentUrl":"https:\/\/erikandviktoria.com\/wp-content\/uploads\/2021\/07\/BABY-HOODED-TOWEL-\u2013-GREY-TOILE-DE-JOUY_05-2.jpg","width":1200,"height":798},{"@type":"BreadcrumbList","@id":"https:\/\/erikandviktoria.com\/hu\/termek\/kapucnis-baba-torolkozo-szurke-toile-de-jouy\/#breadcrumb","itemListElement":[{"@type":"ListItem","position":1,"name":"Home","item":"https:\/\/erikandviktoria.com\/hu\/home\/"},{"@type":"ListItem","position":2,"name":"Shop","item":"https:\/\/erikandviktoria.com\/shop\/"},{"@type":"ListItem","position":3,"name":"Kapucnis Baba T\u00f6r\u00f6lk\u00f6z\u0151 &#8211; Sz\u00fcrke Toile de Jouy"}]},{"@type":"WebSite","@id":"https:\/\/erikandviktoria.com\/hu\/#website","url":"https:\/\/erikandviktoria.com\/hu\/","name":"ERIK &amp; VIKTORIA","description":"","potentialAction":[{"@type":"SearchAction","target":{"@type":"EntryPoint","urlTemplate":"https:\/\/erikandviktoria.com\/hu\/?s={search_term_string}"},"query-input":{"@type":"PropertyValueSpecification","valueRequired":true,"valueName":"search_term_string"}}],"inLanguage":"hu"}]}},"jetpack_sharing_enabled":true,"_links":{"self":[{"href":"https:\/\/erikandviktoria.com\/hu\/wp-json\/wp\/v2\/product\/1390","targetHints":{"allow":["GET"]}}],"collection":[{"href":"https:\/\/erikandviktoria.com\/hu\/wp-json\/wp\/v2\/product"}],"about":[{"href":"https:\/\/erikandviktoria.com\/hu\/wp-json\/wp\/v2\/types\/product"}],"replies":[{"embeddable":true,"href":"https:\/\/erikandviktoria.com\/hu\/wp-json\/wp\/v2\/comments?post=1390"}],"wp:featuredmedia":[{"embeddable":true,"href":"https:\/\/erikandviktoria.com\/hu\/wp-json\/wp\/v2\/media\/2495"}],"wp:attachment":[{"href":"https:\/\/erikandviktoria.com\/hu\/wp-json\/wp\/v2\/media?parent=1390"}],"wp:term":[{"taxonomy":"product_brand","embeddable":true,"href":"https:\/\/erikandviktoria.com\/hu\/wp-json\/wp\/v2\/product_brand?post=1390"},{"taxonomy":"product_cat","embeddable":true,"href":"https:\/\/erikandviktoria.com\/hu\/wp-json\/wp\/v2\/product_cat?post=1390"},{"taxonomy":"product_tag","embeddable":true,"href":"https:\/\/erikandviktoria.com\/hu\/wp-json\/wp\/v2\/product_tag?post=1390"}],"curies":[{"name":"wp","href":"https:\/\/api.w.org\/{rel}","templated":true}]}}