{"id":2194,"date":"2021-06-26T08:49:55","date_gmt":"2021-09-25T11:57:42","guid":{"rendered":"https:\/\/erikandviktoria.com\/product\/baba-parna-szurke-toile-de-jouy\/"},"modified":"2022-02-24T20:33:46","modified_gmt":"2022-02-24T20:33:46","slug":"babaparna-szurke-toile-de-jouy","status":"publish","type":"product","link":"https:\/\/erikandviktoria.com\/hu\/termek\/babaparna-szurke-toile-de-jouy\/","title":{"rendered":"Baba p\u00e1rna &#8211; Sz\u00fcrke Toile de Jouy"},"content":{"rendered":"<p>A megfelel\u0151 baba \u00e1gynem\u0171nek k\u00e9nyelmesnek \u00e9s praktikusnak kell lennie a st\u00edlus fel\u00e1ldoz\u00e1sa n\u00e9lk\u00fcl. Ezt a baba p\u00e1rn\u00e1t eleg\u00e1ns sz\u00fcrke mot\u00edvumaival a 18. sz\u00e1zadi eur\u00f3pai Toile de Jouy st\u00edlus ihlette. Egy id\u0151t\u00e1ll\u00f3 klasszikus, amely gy\u00f6ny\u00f6r\u0171 \u00e9s leny\u0171g\u00f6z\u0151 diz\u00e1jnja miatt soha nem megy ki a divatb\u00f3l. Aranyos \u00e1llatokkal \u00e9s klasszikus halv\u00e1nysz\u00fcrke sz\u00ednben babaszob\u00e1d d\u00edsze lesz ez a p\u00e1rna.<\/p>\n<p>Legels\u0151 kollekci\u00f3nk r\u00e9szek\u00e9nt ez a baba p\u00e1rna sz\u00fcrke Toile de Jouy mint\u00e1val sikkes \u00e9s eleg\u00e1ns, nagyon finom anyagb\u00f3l k\u00e9sz\u00fclt \u00e9s a gyermekkor pasztel sz\u00edneiben pomp\u00e1zik. Nagyszer\u0171 de m\u00e9gis eleg\u00e1nsan letisztult, l\u00e1gy anyag\u00e1val \u00e9s elb\u0171v\u00f6l\u0151en puha text\u00far\u00e1j\u00e1val bab\u00e1d kedvence lesz.<\/p>\n<p>K\u00e9zzel k\u00e9sz\u00edtett, 100% pamut szat\u00e9nb\u00f3l, eleg\u00e1ns feh\u00e9r \u00e9s halv\u00e1nysz\u00fcrke sz\u00ednben. A baba p\u00e1rna levehet\u0151 huzattal \u00e9s puha t\u00f6ltettel rendelkezik a k\u00f6nny\u0171 tisztit\u00e1s \u00e9rdek\u00e9ben. Nem haszn\u00e1lunk cipz\u00e1rt, ez\u00e9rt az alv\u00e1s teljesen zavartalan \u00e9s k\u00e9nyelmes, m\u00edg a speci\u00e1lis b\u00fajtat\u00f3s z\u00e1r\u00f3d\u00e1s biztons\u00e1gos \u00e9s nem engedi elcs\u00faszni a huzatot.<\/p>\n<p><strong>Tulajdons\u00e1gok:<\/strong><\/p>\n<ul>\n<li>Toile de Jouy minta<\/li>\n<li>Pamut p\u00e1rnahuzat, p\u00e1rn\u00e1zott bels\u0151<\/li>\n<li>P\u00e1rnat\u00f6ltet \u00e9s huzat egy\u00fctt<\/li>\n<li>Feh\u00e9r alapsz\u00edn, halv\u00e1nysz\u00fcrke nyomtatott mint\u00e1val<\/li>\n<li>M\u00e9retei: 40&#215;25 cm<\/li>\n<li>P\u00e1rnahuzat anyaga: 100% pamut szat\u00e9n (l\u00e1gyabb \u00e9s selymesebb tapint\u00e1s\u00fa, mint a norm\u00e1l sz\u00f6v\u00e9s\u0171 pamut)<\/li>\n<li>P\u00e1rna anyaga: 100% poli\u00e9szter, Oeko-Text Standard 100 min\u0151s\u00edt\u00e9ssel<\/li>\n<li>Nincs cipz\u00e1r<\/li>\n<li>Praktikus, bujtat\u00f3s z\u00e1r\u00f3d\u00e1s<\/li>\n<\/ul>\n<p><strong>Tiszt\u00edt\u00e1si \u00fatmutat\u00f3:<\/strong><\/p>\n<ul>\n<li>Levehet\u0151 huzat a k\u00f6nny\u0171 tiszt\u00edt\u00e1s \u00e9rdek\u00e9ben<\/li>\n<li>Mos\u00f3g\u00e9pben moshat\u00f3<\/li>\n<li>Javasolt mos\u00e1si k\u0151m\u00e9rs\u00e9glet 30\u00b0C, norm\u00e1l programon<\/li>\n<\/ul>\n<p>Fedezd fel gy\u00f6ny\u00f6r\u0171 Toile de Jouy mint\u00e1j\u00fa babaszoba \u00e9s f\u00fcrd\u0151szobai <a href=\"\/?page_id=12\">kollekci\u00f3nkat<\/a>.<\/p>\n<p>Inspir\u00e1ci\u00f3\u00e9rt l\u00e1togatsd meg <a href=\"https:\/\/www.instagram.com\/erik_and_viktoria\/\">Instagram oldalunkat<\/a>! \u00d6r\u00f6mmel l\u00e1tn\u00e1nk term\u00e9keinket haszn\u00e1lat k\u00f6zben! Haszn\u00e1ld hashtag\u00fcnket #erikandviktoria a social media-ban \u00e9s mi megosztjuk az oldalunkon.<\/p>\n","protected":false},"excerpt":{"rendered":"<p>Var\u00e1zsold elb\u0171v\u00f6l\u0151v\u00e9 babaszob\u00e1d ezzel a halv\u00e1nysz\u00fcrke Toile de Jouy mint\u00e1val d\u00edsz\u00edtett baba p\u00e1rn\u00e1val.<\/p>\n","protected":false},"featured_media":2562,"comment_status":"open","ping_status":"closed","template":"","meta":{"_monsterinsights_skip_tracking":false,"_monsterinsights_sitenote_active":false,"_monsterinsights_sitenote_note":"","_monsterinsights_sitenote_category":0,"site-sidebar-layout":"default","site-content-layout":"default","ast-site-content-layout":"default","site-content-style":"default","site-sidebar-style":"default","ast-global-header-display":"","ast-banner-title-visibility":"","ast-main-header-display":"","ast-hfb-above-header-display":"","ast-hfb-below-header-display":"","ast-hfb-mobile-header-display":"","site-post-title":"","ast-breadcrumbs-content":"","ast-featured-img":"","footer-sml-layout":"","theme-transparent-header-meta":"default","adv-header-id-meta":"","stick-header-meta":"default","header-above-stick-meta":"","header-main-stick-meta":"","header-below-stick-meta":"","astra-migrate-meta-layouts":"default","ast-page-background-enabled":"default","ast-page-background-meta":{"desktop":{"background-color":"","background-image":"","background-repeat":"repeat","background-position":"center center","background-size":"auto","background-attachment":"scroll","background-type":"","background-media":"","overlay-type":"","overlay-color":"","overlay-opacity":"","overlay-gradient":""},"tablet":{"background-color":"","background-image":"","background-repeat":"repeat","background-position":"center center","background-size":"auto","background-attachment":"scroll","background-type":"","background-media":"","overlay-type":"","overlay-color":"","overlay-opacity":"","overlay-gradient":""},"mobile":{"background-color":"","background-image":"","background-repeat":"repeat","background-position":"center center","background-size":"auto","background-attachment":"scroll","background-type":"","background-media":"","overlay-type":"","overlay-color":"","overlay-opacity":"","overlay-gradient":""}},"ast-content-background-meta":{"desktop":{"background-color":"var(--ast-global-color-5)","background-image":"","background-repeat":"repeat","background-position":"center center","background-size":"auto","background-attachment":"scroll","background-type":"","background-media":"","overlay-type":"","overlay-color":"","overlay-opacity":"","overlay-gradient":""},"tablet":{"background-color":"var(--ast-global-color-5)","background-image":"","background-repeat":"repeat","background-position":"center center","background-size":"auto","background-attachment":"scroll","background-type":"","background-media":"","overlay-type":"","overlay-color":"","overlay-opacity":"","overlay-gradient":""},"mobile":{"background-color":"var(--ast-global-color-5)","background-image":"","background-repeat":"repeat","background-position":"center center","background-size":"auto","background-attachment":"scroll","background-type":"","background-media":"","overlay-type":"","overlay-color":"","overlay-opacity":"","overlay-gradient":""}}},"product_brand":[],"product_cat":[86],"product_tag":[168,169,91,101,100,99,165,164,167,166,173,108,174,175,97,172,109],"class_list":{"0":"post-2194","1":"product","2":"type-product","3":"status-publish","4":"has-post-thumbnail","6":"product_cat-parna","7":"product_tag-baba-parna","8":"product_tag-babaparna","9":"product_tag-baby-hu","10":"product_tag-kezzel-gyartott","11":"product_tag-kezzel-keszult","12":"product_tag-pamut","13":"product_tag-pamut-szaten","14":"product_tag-parna","15":"product_tag-parna-hu","16":"product_tag-szaten","17":"product_tag-szurke-hu","18":"product_tag-szurke","19":"product_tag-szurke-parna","20":"product_tag-szurke-parna-hu","21":"product_tag-toile-de-jouy-hu","22":"product_tag-vilagos-szurke-hu","23":"product_tag-vilagos-szurke","24":"desktop-align-left","25":"tablet-align-left","26":"mobile-align-left","27":"ast-product-gallery-layout-horizontal-slider","28":"ast-product-tabs-layout-horizontal","29":"ast-qv-on-image","31":"first","32":"instock","33":"taxable","34":"shipping-taxable","35":"purchasable","36":"product-type-simple"},"yoast_head":"<!-- This site is optimized with the Yoast SEO plugin v26.0 - https:\/\/yoast.com\/wordpress\/plugins\/seo\/ -->\n<title>Baba p\u00e1rna - Sz\u00fcrke Toile de Jouy - ERIK &amp; VIKTORIA<\/title>\n<meta name=\"description\" content=\"Exkluz\u00edv, puha baba p\u00e1rna sz\u00fcrke Toile de Jouy mint\u00e1val. 100% pamut szat\u00e9nb\u00f3l k\u00e9sz\u00fclt, eleg\u00e1ns feh\u00e9r \u00e9s halv\u00e1nysz\u00fcrke sz\u00ednben.\" \/>\n<meta name=\"robots\" content=\"index, follow, max-snippet:-1, max-image-preview:large, max-video-preview:-1\" \/>\n<link rel=\"canonical\" href=\"https:\/\/erikandviktoria.com\/hu\/termek\/babaparna-szurke-toile-de-jouy\/\" \/>\n<meta property=\"og:locale\" content=\"hu_HU\" \/>\n<meta property=\"og:type\" content=\"article\" \/>\n<meta property=\"og:title\" content=\"Baba p\u00e1rna - Sz\u00fcrke Toile de Jouy - ERIK &amp; VIKTORIA\" \/>\n<meta property=\"og:description\" content=\"Exkluz\u00edv, puha baba p\u00e1rna sz\u00fcrke Toile de Jouy mint\u00e1val. 100% pamut szat\u00e9nb\u00f3l k\u00e9sz\u00fclt, eleg\u00e1ns feh\u00e9r \u00e9s halv\u00e1nysz\u00fcrke sz\u00ednben.\" \/>\n<meta property=\"og:url\" content=\"https:\/\/erikandviktoria.com\/hu\/termek\/babaparna-szurke-toile-de-jouy\/\" \/>\n<meta property=\"og:site_name\" content=\"ERIK &amp; VIKTORIA\" \/>\n<meta property=\"article:modified_time\" content=\"2022-02-24T20:33:46+00:00\" \/>\n<meta property=\"og:image\" content=\"https:\/\/erikandviktoria.com\/wp-content\/uploads\/2021\/06\/BABY-PILLOW-\u2013-GREY-TOILE-DE-JOUY_05-scaled.jpg\" \/>\n\t<meta property=\"og:image:width\" content=\"2560\" \/>\n\t<meta property=\"og:image:height\" content=\"1703\" \/>\n\t<meta property=\"og:image:type\" content=\"image\/jpeg\" \/>\n<meta name=\"twitter:card\" content=\"summary_large_image\" \/>\n<meta name=\"twitter:label1\" content=\"Becs\u00fclt olvas\u00e1si id\u0151\" \/>\n\t<meta name=\"twitter:data1\" content=\"2 perc\" \/>\n<script type=\"application\/ld+json\" class=\"yoast-schema-graph\">{\"@context\":\"https:\/\/schema.org\",\"@graph\":[{\"@type\":\"WebPage\",\"@id\":\"https:\/\/erikandviktoria.com\/hu\/termek\/babaparna-szurke-toile-de-jouy\/\",\"url\":\"https:\/\/erikandviktoria.com\/hu\/termek\/babaparna-szurke-toile-de-jouy\/\",\"name\":\"Baba p\u00e1rna - Sz\u00fcrke Toile de Jouy - ERIK &amp; VIKTORIA\",\"isPartOf\":{\"@id\":\"https:\/\/erikandviktoria.com\/hu\/#website\"},\"primaryImageOfPage\":{\"@id\":\"https:\/\/erikandviktoria.com\/hu\/termek\/babaparna-szurke-toile-de-jouy\/#primaryimage\"},\"image\":{\"@id\":\"https:\/\/erikandviktoria.com\/hu\/termek\/babaparna-szurke-toile-de-jouy\/#primaryimage\"},\"thumbnailUrl\":\"https:\/\/erikandviktoria.com\/wp-content\/uploads\/2021\/06\/BABY-PILLOW-\u2013-GREY-TOILE-DE-JOUY_05-scaled.jpg\",\"datePublished\":\"2021-09-25T11:57:42+00:00\",\"dateModified\":\"2022-02-24T20:33:46+00:00\",\"description\":\"Exkluz\u00edv, puha baba p\u00e1rna sz\u00fcrke Toile de Jouy mint\u00e1val. 100% pamut szat\u00e9nb\u00f3l k\u00e9sz\u00fclt, eleg\u00e1ns feh\u00e9r \u00e9s halv\u00e1nysz\u00fcrke sz\u00ednben.\",\"breadcrumb\":{\"@id\":\"https:\/\/erikandviktoria.com\/hu\/termek\/babaparna-szurke-toile-de-jouy\/#breadcrumb\"},\"inLanguage\":\"hu\",\"potentialAction\":[{\"@type\":\"ReadAction\",\"target\":[\"https:\/\/erikandviktoria.com\/hu\/termek\/babaparna-szurke-toile-de-jouy\/\"]}]},{\"@type\":\"ImageObject\",\"inLanguage\":\"hu\",\"@id\":\"https:\/\/erikandviktoria.com\/hu\/termek\/babaparna-szurke-toile-de-jouy\/#primaryimage\",\"url\":\"https:\/\/erikandviktoria.com\/wp-content\/uploads\/2021\/06\/BABY-PILLOW-\u2013-GREY-TOILE-DE-JOUY_05-scaled.jpg\",\"contentUrl\":\"https:\/\/erikandviktoria.com\/wp-content\/uploads\/2021\/06\/BABY-PILLOW-\u2013-GREY-TOILE-DE-JOUY_05-scaled.jpg\",\"width\":2560,\"height\":1703,\"caption\":\"Baby pillow - Grey Toile de Jouy\"},{\"@type\":\"BreadcrumbList\",\"@id\":\"https:\/\/erikandviktoria.com\/hu\/termek\/babaparna-szurke-toile-de-jouy\/#breadcrumb\",\"itemListElement\":[{\"@type\":\"ListItem\",\"position\":1,\"name\":\"Home\",\"item\":\"https:\/\/erikandviktoria.com\/hu\/home\/\"},{\"@type\":\"ListItem\",\"position\":2,\"name\":\"Shop\",\"item\":\"https:\/\/erikandviktoria.com\/shop\/\"},{\"@type\":\"ListItem\",\"position\":3,\"name\":\"Baba p\u00e1rna &#8211; Sz\u00fcrke Toile de Jouy\"}]},{\"@type\":\"WebSite\",\"@id\":\"https:\/\/erikandviktoria.com\/hu\/#website\",\"url\":\"https:\/\/erikandviktoria.com\/hu\/\",\"name\":\"ERIK &amp; VIKTORIA\",\"description\":\"\",\"potentialAction\":[{\"@type\":\"SearchAction\",\"target\":{\"@type\":\"EntryPoint\",\"urlTemplate\":\"https:\/\/erikandviktoria.com\/hu\/?s={search_term_string}\"},\"query-input\":{\"@type\":\"PropertyValueSpecification\",\"valueRequired\":true,\"valueName\":\"search_term_string\"}}],\"inLanguage\":\"hu\"}]}<\/script>\n<!-- \/ Yoast SEO plugin. -->","yoast_head_json":{"title":"Baba p\u00e1rna - Sz\u00fcrke Toile de Jouy - ERIK &amp; VIKTORIA","description":"Exkluz\u00edv, puha baba p\u00e1rna sz\u00fcrke Toile de Jouy mint\u00e1val. 100% pamut szat\u00e9nb\u00f3l k\u00e9sz\u00fclt, eleg\u00e1ns feh\u00e9r \u00e9s halv\u00e1nysz\u00fcrke sz\u00ednben.","robots":{"index":"index","follow":"follow","max-snippet":"max-snippet:-1","max-image-preview":"max-image-preview:large","max-video-preview":"max-video-preview:-1"},"canonical":"https:\/\/erikandviktoria.com\/hu\/termek\/babaparna-szurke-toile-de-jouy\/","og_locale":"hu_HU","og_type":"article","og_title":"Baba p\u00e1rna - Sz\u00fcrke Toile de Jouy - ERIK &amp; VIKTORIA","og_description":"Exkluz\u00edv, puha baba p\u00e1rna sz\u00fcrke Toile de Jouy mint\u00e1val. 100% pamut szat\u00e9nb\u00f3l k\u00e9sz\u00fclt, eleg\u00e1ns feh\u00e9r \u00e9s halv\u00e1nysz\u00fcrke sz\u00ednben.","og_url":"https:\/\/erikandviktoria.com\/hu\/termek\/babaparna-szurke-toile-de-jouy\/","og_site_name":"ERIK &amp; VIKTORIA","article_modified_time":"2022-02-24T20:33:46+00:00","og_image":[{"width":2560,"height":1703,"url":"https:\/\/erikandviktoria.com\/wp-content\/uploads\/2021\/06\/BABY-PILLOW-\u2013-GREY-TOILE-DE-JOUY_05-scaled.jpg","type":"image\/jpeg"}],"twitter_card":"summary_large_image","twitter_misc":{"Becs\u00fclt olvas\u00e1si id\u0151":"2 perc"},"schema":{"@context":"https:\/\/schema.org","@graph":[{"@type":"WebPage","@id":"https:\/\/erikandviktoria.com\/hu\/termek\/babaparna-szurke-toile-de-jouy\/","url":"https:\/\/erikandviktoria.com\/hu\/termek\/babaparna-szurke-toile-de-jouy\/","name":"Baba p\u00e1rna - Sz\u00fcrke Toile de Jouy - ERIK &amp; VIKTORIA","isPartOf":{"@id":"https:\/\/erikandviktoria.com\/hu\/#website"},"primaryImageOfPage":{"@id":"https:\/\/erikandviktoria.com\/hu\/termek\/babaparna-szurke-toile-de-jouy\/#primaryimage"},"image":{"@id":"https:\/\/erikandviktoria.com\/hu\/termek\/babaparna-szurke-toile-de-jouy\/#primaryimage"},"thumbnailUrl":"https:\/\/erikandviktoria.com\/wp-content\/uploads\/2021\/06\/BABY-PILLOW-\u2013-GREY-TOILE-DE-JOUY_05-scaled.jpg","datePublished":"2021-09-25T11:57:42+00:00","dateModified":"2022-02-24T20:33:46+00:00","description":"Exkluz\u00edv, puha baba p\u00e1rna sz\u00fcrke Toile de Jouy mint\u00e1val. 100% pamut szat\u00e9nb\u00f3l k\u00e9sz\u00fclt, eleg\u00e1ns feh\u00e9r \u00e9s halv\u00e1nysz\u00fcrke sz\u00ednben.","breadcrumb":{"@id":"https:\/\/erikandviktoria.com\/hu\/termek\/babaparna-szurke-toile-de-jouy\/#breadcrumb"},"inLanguage":"hu","potentialAction":[{"@type":"ReadAction","target":["https:\/\/erikandviktoria.com\/hu\/termek\/babaparna-szurke-toile-de-jouy\/"]}]},{"@type":"ImageObject","inLanguage":"hu","@id":"https:\/\/erikandviktoria.com\/hu\/termek\/babaparna-szurke-toile-de-jouy\/#primaryimage","url":"https:\/\/erikandviktoria.com\/wp-content\/uploads\/2021\/06\/BABY-PILLOW-\u2013-GREY-TOILE-DE-JOUY_05-scaled.jpg","contentUrl":"https:\/\/erikandviktoria.com\/wp-content\/uploads\/2021\/06\/BABY-PILLOW-\u2013-GREY-TOILE-DE-JOUY_05-scaled.jpg","width":2560,"height":1703,"caption":"Baby pillow - Grey Toile de Jouy"},{"@type":"BreadcrumbList","@id":"https:\/\/erikandviktoria.com\/hu\/termek\/babaparna-szurke-toile-de-jouy\/#breadcrumb","itemListElement":[{"@type":"ListItem","position":1,"name":"Home","item":"https:\/\/erikandviktoria.com\/hu\/home\/"},{"@type":"ListItem","position":2,"name":"Shop","item":"https:\/\/erikandviktoria.com\/shop\/"},{"@type":"ListItem","position":3,"name":"Baba p\u00e1rna &#8211; Sz\u00fcrke Toile de Jouy"}]},{"@type":"WebSite","@id":"https:\/\/erikandviktoria.com\/hu\/#website","url":"https:\/\/erikandviktoria.com\/hu\/","name":"ERIK &amp; VIKTORIA","description":"","potentialAction":[{"@type":"SearchAction","target":{"@type":"EntryPoint","urlTemplate":"https:\/\/erikandviktoria.com\/hu\/?s={search_term_string}"},"query-input":{"@type":"PropertyValueSpecification","valueRequired":true,"valueName":"search_term_string"}}],"inLanguage":"hu"}]}},"jetpack_sharing_enabled":true,"_links":{"self":[{"href":"https:\/\/erikandviktoria.com\/hu\/wp-json\/wp\/v2\/product\/2194","targetHints":{"allow":["GET"]}}],"collection":[{"href":"https:\/\/erikandviktoria.com\/hu\/wp-json\/wp\/v2\/product"}],"about":[{"href":"https:\/\/erikandviktoria.com\/hu\/wp-json\/wp\/v2\/types\/product"}],"replies":[{"embeddable":true,"href":"https:\/\/erikandviktoria.com\/hu\/wp-json\/wp\/v2\/comments?post=2194"}],"wp:featuredmedia":[{"embeddable":true,"href":"https:\/\/erikandviktoria.com\/hu\/wp-json\/wp\/v2\/media\/2562"}],"wp:attachment":[{"href":"https:\/\/erikandviktoria.com\/hu\/wp-json\/wp\/v2\/media?parent=2194"}],"wp:term":[{"taxonomy":"product_brand","embeddable":true,"href":"https:\/\/erikandviktoria.com\/hu\/wp-json\/wp\/v2\/product_brand?post=2194"},{"taxonomy":"product_cat","embeddable":true,"href":"https:\/\/erikandviktoria.com\/hu\/wp-json\/wp\/v2\/product_cat?post=2194"},{"taxonomy":"product_tag","embeddable":true,"href":"https:\/\/erikandviktoria.com\/hu\/wp-json\/wp\/v2\/product_tag?post=2194"}],"curies":[{"name":"wp","href":"https:\/\/api.w.org\/{rel}","templated":true}]}}