{"id":2201,"date":"2021-06-29T19:42:34","date_gmt":"2021-09-26T13:13:56","guid":{"rendered":"https:\/\/erikandviktoria.com\/product\/gyerek-agynemu-szett-rozsaszin-toile-de-jouy\/"},"modified":"2022-02-24T20:33:59","modified_gmt":"2022-02-24T20:33:59","slug":"gyerek-agynemu-szett-rozsaszin-toile-de-jouy","status":"publish","type":"product","link":"https:\/\/erikandviktoria.com\/hu\/termek\/gyerek-agynemu-szett-rozsaszin-toile-de-jouy\/","title":{"rendered":"Gyerek \u00e1gynem\u0171 szett &#8211; R\u00f3zsasz\u00edn Toile de Jouy"},"content":{"rendered":"<p>Ez a gyerek \u00e1gynem\u0171 szett klasszikus halv\u00e1ny r\u00f3zsasz\u00edn Toile de Jouy mint\u00e1j\u00e1val f\u00e9ny\u0171z\u0151 eleganci\u00e1t teremt a gyerekszob\u00e1ban. Ezt az \u00e1gynem\u0171 szettet a 18. sz\u00e1zadi eur\u00f3pai st\u00edlus ihlette, amely egy id\u0151t\u00e1ll\u00f3 klasszikus mely sosem megy ki a divatb\u00f3l k\u00f6l\u00fcnleges \u00e9s var\u00e1zslatos mint\u00e1j\u00e1nak k\u00f6sz\u00f6nhet\u0151en. Az aranyos \u00e1llatokkal \u00e9s klasszikus halv\u00e1ny r\u00f3zsasz\u00edn sz\u00edn\u00e9vel babaszob\u00e1d d\u00edsze lesz ez a gyerek \u00e1gynem\u0171 szett..<\/p>\n<p>Legels\u0151 kollekci\u00f3nk r\u00e9szek\u00e9nt ez a babak\u00e9k Toile de Jouy mint\u00e1j\u00fagyerek \u00e1gynem\u0171 szett sikkes \u00e9s eleg\u00e1ns, puha \u00e9s gyeng\u00e9d anyagb\u00f3l k\u00e9sz\u00fclt \u00e9sa gyermekkor pasztell sz\u00edneiben pomp\u00e1zik. Nagyonszer\u0171, de m\u00e9gis eleg\u00e1nsan letisztult, l\u00e1gy anyag\u00e1val \u00e9selb\u0171v\u00f6l\u0151en puha text\u00far\u00e1j\u00e1val gyeng\u00e9den \u00e1lomba ringatja majd gyermeked\u2026<\/p>\n<p>K\u00e9zzel k\u00e9sz\u00edtett, 100% pamut szat\u00e9nb\u00f3l, eleg\u00e1ns feh\u00e9r \u00e9s halv\u00e1ny r\u00f3zsasz\u00edn sz\u00ednben. A gyerek \u00e1gynem\u0171 szett egy paplanhuzatot \u00e9s egy p\u00e1rnahuzatot tartalmaz. A m\u0171anyag cipz\u00e1rkocsin nincsen fog\u00f3, \u00e9s rejve marad, \u00edgy biztos\u00edtva a zavartalan \u00e9s pihentet\u0151 alv\u00e1st. Gyermeked im\u00e1dni fogja az alv\u00e1st ebben az \u00e1gynem\u0171 szettben amikor lefekv\u00e9sre ker\u00fcl a sor.<\/p>\n<h6><strong>Tulajdons\u00e1gok:<\/strong><\/h6>\n<ul>\n<li>Szuperpr\u00e9mium min\u0151s\u00e9g \u00e9s egyedi design<\/li>\n<li>Toile de Jouy minta<\/li>\n<li>Feh\u00e9r alapsz\u00edn, halv\u00e1ny r\u00f3zsasz\u00edn nyomtatott mint\u00e1val<\/li>\n<li>A szett tartalma: 1 paplanhuzat (100 x 140 cm) \u00e9s 1 p\u00e1rnahuzat (40 x 60 cm)<\/li>\n<li>100% pamut szat\u00e9n<\/li>\n<li>Rejtett cipz\u00e1rral z\u00e1rhat\u00f3<\/li>\n<li>M\u0171anyag cipz\u00e1rkocsi fog\u00f3 n\u00e9lk\u00fcl<\/li>\n<\/ul>\n<h6><strong style=\"font-size: 1.1em;\">Tiszt\u00edt\u00e1si \u00fatmutat\u00f3:<\/strong><\/h6>\n<ul>\n<li>Mos\u00f3g\u00e9pben moshat\u00f3<\/li>\n<li>Javasolt mos\u00e1si k\u0151m\u00e9rs\u00e9glet 30\u00b0C, norm\u00e1l programon<\/li>\n<li>Mos\u00e1s el\u0151tt cipz\u00e1rozza be a p\u00e1rnahuzatot \u00e9s a paplanhuzatot<\/li>\n<\/ul>\n<p>Fedezd fel a legszebb h\u00e1l\u00f3szobai \u00e9s f\u00fcrd\u0151szobai kieg\u00e9sz\u00edt\u00f3ket a Toile de Jouy kollekci\u00f3nkbank<\/p>\n<p>Inspir\u00e1l\u00f3dj \u00e9s k\u00f6vesd a t\u00f6rt\u00e9net\u00fcnket az Instagramon. \u00d6r\u00f6mmel l\u00e1tn\u00e1nk term\u00e9keinket haszn\u00e1lat k\u00f6zben! Haszn\u00e1ld hashtag\u00fcnket #erikandviktoria a social media-ban \u00e9s mi megosztjuk az oldalunkon.<\/p>\n<p>&nbsp;<\/p>\n","protected":false},"excerpt":{"rendered":"<p>Alak\u00edts ki egy mesesz\u00e9p gyerekszob\u00e1t gy\u00f6ny\u00f6r\u0171 halv\u00e1ny r\u00f3zsasz\u00edn sz\u00edn\u0171 klasszikus Toile de Jouy mint\u00e1j\u00fa luxus gyerek \u00e1gynem\u0171 szett\u00fcnkkel.<\/p>\n","protected":false},"featured_media":2551,"comment_status":"open","ping_status":"closed","template":"","meta":{"_monsterinsights_skip_tracking":false,"_monsterinsights_sitenote_active":false,"_monsterinsights_sitenote_note":"","_monsterinsights_sitenote_category":0,"site-sidebar-layout":"default","site-content-layout":"default","ast-site-content-layout":"default","site-content-style":"default","site-sidebar-style":"default","ast-global-header-display":"","ast-banner-title-visibility":"","ast-main-header-display":"","ast-hfb-above-header-display":"","ast-hfb-below-header-display":"","ast-hfb-mobile-header-display":"","site-post-title":"","ast-breadcrumbs-content":"","ast-featured-img":"","footer-sml-layout":"","theme-transparent-header-meta":"default","adv-header-id-meta":"","stick-header-meta":"default","header-above-stick-meta":"","header-main-stick-meta":"","header-below-stick-meta":"","astra-migrate-meta-layouts":"default","ast-page-background-enabled":"default","ast-page-background-meta":{"desktop":{"background-color":"","background-image":"","background-repeat":"repeat","background-position":"center center","background-size":"auto","background-attachment":"scroll","background-type":"","background-media":"","overlay-type":"","overlay-color":"","overlay-opacity":"","overlay-gradient":""},"tablet":{"background-color":"","background-image":"","background-repeat":"repeat","background-position":"center center","background-size":"auto","background-attachment":"scroll","background-type":"","background-media":"","overlay-type":"","overlay-color":"","overlay-opacity":"","overlay-gradient":""},"mobile":{"background-color":"","background-image":"","background-repeat":"repeat","background-position":"center center","background-size":"auto","background-attachment":"scroll","background-type":"","background-media":"","overlay-type":"","overlay-color":"","overlay-opacity":"","overlay-gradient":""}},"ast-content-background-meta":{"desktop":{"background-color":"var(--ast-global-color-5)","background-image":"","background-repeat":"repeat","background-position":"center center","background-size":"auto","background-attachment":"scroll","background-type":"","background-media":"","overlay-type":"","overlay-color":"","overlay-opacity":"","overlay-gradient":""},"tablet":{"background-color":"var(--ast-global-color-5)","background-image":"","background-repeat":"repeat","background-position":"center center","background-size":"auto","background-attachment":"scroll","background-type":"","background-media":"","overlay-type":"","overlay-color":"","overlay-opacity":"","overlay-gradient":""},"mobile":{"background-color":"var(--ast-global-color-5)","background-image":"","background-repeat":"repeat","background-position":"center center","background-size":"auto","background-attachment":"scroll","background-type":"","background-media":"","overlay-type":"","overlay-color":"","overlay-opacity":"","overlay-gradient":""}}},"product_brand":[],"product_cat":[88],"product_tag":[187,188,91,92,93,189,98,101,100,99,165,184,185,167,164,186,166,174,175,97],"class_list":{"0":"post-2201","1":"product","2":"type-product","3":"status-publish","4":"has-post-thumbnail","6":"product_cat-gyermek-agynemu","7":"product_tag-agynemu-garnitura","8":"product_tag-agynemu-szett","9":"product_tag-baby-hu","10":"product_tag-baby-blue-hu","11":"product_tag-babyblue-hu","12":"product_tag-gyerek-agynemu-szett","13":"product_tag-kek","14":"product_tag-kezzel-gyartott","15":"product_tag-kezzel-keszult","16":"product_tag-pamut","17":"product_tag-pamut-szaten","18":"product_tag-paplan","19":"product_tag-paplanhuzat","20":"product_tag-parna-hu","21":"product_tag-parna","22":"product_tag-parnahuzat","23":"product_tag-szaten","24":"product_tag-szurke-parna","25":"product_tag-szurke-parna-hu","26":"product_tag-toile-de-jouy-hu","27":"desktop-align-left","28":"tablet-align-left","29":"mobile-align-left","30":"ast-product-gallery-layout-horizontal-slider","31":"ast-product-tabs-layout-horizontal","32":"ast-qv-on-image","34":"first","35":"instock","36":"taxable","37":"shipping-taxable","38":"purchasable","39":"product-type-simple"},"yoast_head":"<!-- This site is optimized with the Yoast SEO plugin v26.0 - https:\/\/yoast.com\/wordpress\/plugins\/seo\/ -->\n<title>Gyerek \u00e1gynem\u0171 szett - R\u00f3zsasz\u00edn Toile de Jouy - ERIK &amp; VIKTORIA<\/title>\n<meta name=\"description\" content=\"Selymesen puha gyerek \u00e1gynem\u0171 szett r\u00f3zsasz\u00edn Toile de Jouy mint\u00e1val. 100% pamut szat\u00e9nb\u00f3l k\u00e9sz\u00fclt, eleg\u00e1ns feh\u00e9r \u00e9s halv\u00e1ny r\u00f3zsasz\u00edn sz\u00ednben.\" \/>\n<meta name=\"robots\" content=\"index, follow, max-snippet:-1, max-image-preview:large, max-video-preview:-1\" \/>\n<link rel=\"canonical\" href=\"https:\/\/erikandviktoria.com\/hu\/termek\/gyerek-agynemu-szett-rozsaszin-toile-de-jouy\/\" \/>\n<meta property=\"og:locale\" content=\"hu_HU\" \/>\n<meta property=\"og:type\" content=\"article\" \/>\n<meta property=\"og:title\" content=\"Gyerek \u00e1gynem\u0171 szett - R\u00f3zsasz\u00edn Toile de Jouy - ERIK &amp; VIKTORIA\" \/>\n<meta property=\"og:description\" content=\"Selymesen puha gyerek \u00e1gynem\u0171 szett r\u00f3zsasz\u00edn Toile de Jouy mint\u00e1val. 100% pamut szat\u00e9nb\u00f3l k\u00e9sz\u00fclt, eleg\u00e1ns feh\u00e9r \u00e9s halv\u00e1ny r\u00f3zsasz\u00edn sz\u00ednben.\" \/>\n<meta property=\"og:url\" content=\"https:\/\/erikandviktoria.com\/hu\/termek\/gyerek-agynemu-szett-rozsaszin-toile-de-jouy\/\" \/>\n<meta property=\"og:site_name\" content=\"ERIK &amp; VIKTORIA\" \/>\n<meta property=\"article:modified_time\" content=\"2022-02-24T20:33:59+00:00\" \/>\n<meta property=\"og:image\" content=\"https:\/\/erikandviktoria.com\/wp-content\/uploads\/2021\/06\/CHILDRENS-BEDDING-SET-\u2013-PINK-TOILE-DE-JOUY_05-scaled.jpg\" \/>\n\t<meta property=\"og:image:width\" content=\"2560\" \/>\n\t<meta property=\"og:image:height\" content=\"1703\" \/>\n\t<meta property=\"og:image:type\" content=\"image\/jpeg\" \/>\n<meta name=\"twitter:card\" content=\"summary_large_image\" \/>\n<meta name=\"twitter:label1\" content=\"Becs\u00fclt olvas\u00e1si id\u0151\" \/>\n\t<meta name=\"twitter:data1\" content=\"2 perc\" \/>\n<script type=\"application\/ld+json\" class=\"yoast-schema-graph\">{\"@context\":\"https:\/\/schema.org\",\"@graph\":[{\"@type\":\"WebPage\",\"@id\":\"https:\/\/erikandviktoria.com\/hu\/termek\/gyerek-agynemu-szett-rozsaszin-toile-de-jouy\/\",\"url\":\"https:\/\/erikandviktoria.com\/hu\/termek\/gyerek-agynemu-szett-rozsaszin-toile-de-jouy\/\",\"name\":\"Gyerek \u00e1gynem\u0171 szett - R\u00f3zsasz\u00edn Toile de Jouy - ERIK &amp; VIKTORIA\",\"isPartOf\":{\"@id\":\"https:\/\/erikandviktoria.com\/hu\/#website\"},\"primaryImageOfPage\":{\"@id\":\"https:\/\/erikandviktoria.com\/hu\/termek\/gyerek-agynemu-szett-rozsaszin-toile-de-jouy\/#primaryimage\"},\"image\":{\"@id\":\"https:\/\/erikandviktoria.com\/hu\/termek\/gyerek-agynemu-szett-rozsaszin-toile-de-jouy\/#primaryimage\"},\"thumbnailUrl\":\"https:\/\/erikandviktoria.com\/wp-content\/uploads\/2021\/06\/CHILDRENS-BEDDING-SET-\u2013-PINK-TOILE-DE-JOUY_05-scaled.jpg\",\"datePublished\":\"2021-09-26T13:13:56+00:00\",\"dateModified\":\"2022-02-24T20:33:59+00:00\",\"description\":\"Selymesen puha gyerek \u00e1gynem\u0171 szett r\u00f3zsasz\u00edn Toile de Jouy mint\u00e1val. 100% pamut szat\u00e9nb\u00f3l k\u00e9sz\u00fclt, eleg\u00e1ns feh\u00e9r \u00e9s halv\u00e1ny r\u00f3zsasz\u00edn sz\u00ednben.\",\"breadcrumb\":{\"@id\":\"https:\/\/erikandviktoria.com\/hu\/termek\/gyerek-agynemu-szett-rozsaszin-toile-de-jouy\/#breadcrumb\"},\"inLanguage\":\"hu\",\"potentialAction\":[{\"@type\":\"ReadAction\",\"target\":[\"https:\/\/erikandviktoria.com\/hu\/termek\/gyerek-agynemu-szett-rozsaszin-toile-de-jouy\/\"]}]},{\"@type\":\"ImageObject\",\"inLanguage\":\"hu\",\"@id\":\"https:\/\/erikandviktoria.com\/hu\/termek\/gyerek-agynemu-szett-rozsaszin-toile-de-jouy\/#primaryimage\",\"url\":\"https:\/\/erikandviktoria.com\/wp-content\/uploads\/2021\/06\/CHILDRENS-BEDDING-SET-\u2013-PINK-TOILE-DE-JOUY_05-scaled.jpg\",\"contentUrl\":\"https:\/\/erikandviktoria.com\/wp-content\/uploads\/2021\/06\/CHILDRENS-BEDDING-SET-\u2013-PINK-TOILE-DE-JOUY_05-scaled.jpg\",\"width\":2560,\"height\":1703,\"caption\":\"Gyerek \u00e1gynem\u0171 szett - r\u00f3zsasz\u00edn Toile de Jouy\"},{\"@type\":\"BreadcrumbList\",\"@id\":\"https:\/\/erikandviktoria.com\/hu\/termek\/gyerek-agynemu-szett-rozsaszin-toile-de-jouy\/#breadcrumb\",\"itemListElement\":[{\"@type\":\"ListItem\",\"position\":1,\"name\":\"Home\",\"item\":\"https:\/\/erikandviktoria.com\/hu\/home\/\"},{\"@type\":\"ListItem\",\"position\":2,\"name\":\"Shop\",\"item\":\"https:\/\/erikandviktoria.com\/shop\/\"},{\"@type\":\"ListItem\",\"position\":3,\"name\":\"Gyerek \u00e1gynem\u0171 szett &#8211; R\u00f3zsasz\u00edn Toile de Jouy\"}]},{\"@type\":\"WebSite\",\"@id\":\"https:\/\/erikandviktoria.com\/hu\/#website\",\"url\":\"https:\/\/erikandviktoria.com\/hu\/\",\"name\":\"ERIK &amp; VIKTORIA\",\"description\":\"\",\"potentialAction\":[{\"@type\":\"SearchAction\",\"target\":{\"@type\":\"EntryPoint\",\"urlTemplate\":\"https:\/\/erikandviktoria.com\/hu\/?s={search_term_string}\"},\"query-input\":{\"@type\":\"PropertyValueSpecification\",\"valueRequired\":true,\"valueName\":\"search_term_string\"}}],\"inLanguage\":\"hu\"}]}<\/script>\n<!-- \/ Yoast SEO plugin. -->","yoast_head_json":{"title":"Gyerek \u00e1gynem\u0171 szett - R\u00f3zsasz\u00edn Toile de Jouy - ERIK &amp; VIKTORIA","description":"Selymesen puha gyerek \u00e1gynem\u0171 szett r\u00f3zsasz\u00edn Toile de Jouy mint\u00e1val. 100% pamut szat\u00e9nb\u00f3l k\u00e9sz\u00fclt, eleg\u00e1ns feh\u00e9r \u00e9s halv\u00e1ny r\u00f3zsasz\u00edn sz\u00ednben.","robots":{"index":"index","follow":"follow","max-snippet":"max-snippet:-1","max-image-preview":"max-image-preview:large","max-video-preview":"max-video-preview:-1"},"canonical":"https:\/\/erikandviktoria.com\/hu\/termek\/gyerek-agynemu-szett-rozsaszin-toile-de-jouy\/","og_locale":"hu_HU","og_type":"article","og_title":"Gyerek \u00e1gynem\u0171 szett - R\u00f3zsasz\u00edn Toile de Jouy - ERIK &amp; VIKTORIA","og_description":"Selymesen puha gyerek \u00e1gynem\u0171 szett r\u00f3zsasz\u00edn Toile de Jouy mint\u00e1val. 100% pamut szat\u00e9nb\u00f3l k\u00e9sz\u00fclt, eleg\u00e1ns feh\u00e9r \u00e9s halv\u00e1ny r\u00f3zsasz\u00edn sz\u00ednben.","og_url":"https:\/\/erikandviktoria.com\/hu\/termek\/gyerek-agynemu-szett-rozsaszin-toile-de-jouy\/","og_site_name":"ERIK &amp; VIKTORIA","article_modified_time":"2022-02-24T20:33:59+00:00","og_image":[{"width":2560,"height":1703,"url":"https:\/\/erikandviktoria.com\/wp-content\/uploads\/2021\/06\/CHILDRENS-BEDDING-SET-\u2013-PINK-TOILE-DE-JOUY_05-scaled.jpg","type":"image\/jpeg"}],"twitter_card":"summary_large_image","twitter_misc":{"Becs\u00fclt olvas\u00e1si id\u0151":"2 perc"},"schema":{"@context":"https:\/\/schema.org","@graph":[{"@type":"WebPage","@id":"https:\/\/erikandviktoria.com\/hu\/termek\/gyerek-agynemu-szett-rozsaszin-toile-de-jouy\/","url":"https:\/\/erikandviktoria.com\/hu\/termek\/gyerek-agynemu-szett-rozsaszin-toile-de-jouy\/","name":"Gyerek \u00e1gynem\u0171 szett - R\u00f3zsasz\u00edn Toile de Jouy - ERIK &amp; VIKTORIA","isPartOf":{"@id":"https:\/\/erikandviktoria.com\/hu\/#website"},"primaryImageOfPage":{"@id":"https:\/\/erikandviktoria.com\/hu\/termek\/gyerek-agynemu-szett-rozsaszin-toile-de-jouy\/#primaryimage"},"image":{"@id":"https:\/\/erikandviktoria.com\/hu\/termek\/gyerek-agynemu-szett-rozsaszin-toile-de-jouy\/#primaryimage"},"thumbnailUrl":"https:\/\/erikandviktoria.com\/wp-content\/uploads\/2021\/06\/CHILDRENS-BEDDING-SET-\u2013-PINK-TOILE-DE-JOUY_05-scaled.jpg","datePublished":"2021-09-26T13:13:56+00:00","dateModified":"2022-02-24T20:33:59+00:00","description":"Selymesen puha gyerek \u00e1gynem\u0171 szett r\u00f3zsasz\u00edn Toile de Jouy mint\u00e1val. 100% pamut szat\u00e9nb\u00f3l k\u00e9sz\u00fclt, eleg\u00e1ns feh\u00e9r \u00e9s halv\u00e1ny r\u00f3zsasz\u00edn sz\u00ednben.","breadcrumb":{"@id":"https:\/\/erikandviktoria.com\/hu\/termek\/gyerek-agynemu-szett-rozsaszin-toile-de-jouy\/#breadcrumb"},"inLanguage":"hu","potentialAction":[{"@type":"ReadAction","target":["https:\/\/erikandviktoria.com\/hu\/termek\/gyerek-agynemu-szett-rozsaszin-toile-de-jouy\/"]}]},{"@type":"ImageObject","inLanguage":"hu","@id":"https:\/\/erikandviktoria.com\/hu\/termek\/gyerek-agynemu-szett-rozsaszin-toile-de-jouy\/#primaryimage","url":"https:\/\/erikandviktoria.com\/wp-content\/uploads\/2021\/06\/CHILDRENS-BEDDING-SET-\u2013-PINK-TOILE-DE-JOUY_05-scaled.jpg","contentUrl":"https:\/\/erikandviktoria.com\/wp-content\/uploads\/2021\/06\/CHILDRENS-BEDDING-SET-\u2013-PINK-TOILE-DE-JOUY_05-scaled.jpg","width":2560,"height":1703,"caption":"Gyerek \u00e1gynem\u0171 szett - r\u00f3zsasz\u00edn Toile de Jouy"},{"@type":"BreadcrumbList","@id":"https:\/\/erikandviktoria.com\/hu\/termek\/gyerek-agynemu-szett-rozsaszin-toile-de-jouy\/#breadcrumb","itemListElement":[{"@type":"ListItem","position":1,"name":"Home","item":"https:\/\/erikandviktoria.com\/hu\/home\/"},{"@type":"ListItem","position":2,"name":"Shop","item":"https:\/\/erikandviktoria.com\/shop\/"},{"@type":"ListItem","position":3,"name":"Gyerek \u00e1gynem\u0171 szett &#8211; R\u00f3zsasz\u00edn Toile de Jouy"}]},{"@type":"WebSite","@id":"https:\/\/erikandviktoria.com\/hu\/#website","url":"https:\/\/erikandviktoria.com\/hu\/","name":"ERIK &amp; VIKTORIA","description":"","potentialAction":[{"@type":"SearchAction","target":{"@type":"EntryPoint","urlTemplate":"https:\/\/erikandviktoria.com\/hu\/?s={search_term_string}"},"query-input":{"@type":"PropertyValueSpecification","valueRequired":true,"valueName":"search_term_string"}}],"inLanguage":"hu"}]}},"jetpack_sharing_enabled":true,"_links":{"self":[{"href":"https:\/\/erikandviktoria.com\/hu\/wp-json\/wp\/v2\/product\/2201","targetHints":{"allow":["GET"]}}],"collection":[{"href":"https:\/\/erikandviktoria.com\/hu\/wp-json\/wp\/v2\/product"}],"about":[{"href":"https:\/\/erikandviktoria.com\/hu\/wp-json\/wp\/v2\/types\/product"}],"replies":[{"embeddable":true,"href":"https:\/\/erikandviktoria.com\/hu\/wp-json\/wp\/v2\/comments?post=2201"}],"wp:featuredmedia":[{"embeddable":true,"href":"https:\/\/erikandviktoria.com\/hu\/wp-json\/wp\/v2\/media\/2551"}],"wp:attachment":[{"href":"https:\/\/erikandviktoria.com\/hu\/wp-json\/wp\/v2\/media?parent=2201"}],"wp:term":[{"taxonomy":"product_brand","embeddable":true,"href":"https:\/\/erikandviktoria.com\/hu\/wp-json\/wp\/v2\/product_brand?post=2201"},{"taxonomy":"product_cat","embeddable":true,"href":"https:\/\/erikandviktoria.com\/hu\/wp-json\/wp\/v2\/product_cat?post=2201"},{"taxonomy":"product_tag","embeddable":true,"href":"https:\/\/erikandviktoria.com\/hu\/wp-json\/wp\/v2\/product_tag?post=2201"}],"curies":[{"name":"wp","href":"https:\/\/api.w.org\/{rel}","templated":true}]}}