{"id":1917,"date":"2021-09-12T11:14:29","date_gmt":"2021-09-12T11:14:29","guid":{"rendered":"https:\/\/erikandviktoria.com\/collezioni\/"},"modified":"2021-11-21T11:41:06","modified_gmt":"2021-11-21T11:41:06","slug":"collezioni","status":"publish","type":"page","link":"https:\/\/erikandviktoria.com\/it\/collezioni\/","title":{"rendered":"Collezioni"},"content":{"rendered":"\t\t<div data-elementor-type=\"wp-page\" data-elementor-id=\"1917\" class=\"elementor elementor-1917 elementor-1099\">\n\t\t\t\t\t\t<section class=\"elementor-section elementor-top-section elementor-element elementor-element-4874226 elementor-section-full_width elementor-section-height-default elementor-section-height-default\" data-id=\"4874226\" data-element_type=\"section\">\n\t\t\t\t\t\t<div class=\"elementor-container elementor-column-gap-default\">\n\t\t\t\t\t<div class=\"elementor-column elementor-col-100 elementor-top-column elementor-element elementor-element-d3bde0e\" data-id=\"d3bde0e\" data-element_type=\"column\">\n\t\t\t<div class=\"elementor-widget-wrap elementor-element-populated\">\n\t\t\t\t\t\t<div class=\"elementor-element elementor-element-11ccc71 elementor-widget elementor-widget-spacer\" data-id=\"11ccc71\" data-element_type=\"widget\" data-widget_type=\"spacer.default\">\n\t\t\t\t<div class=\"elementor-widget-container\">\n\t\t\t\t\t\t\t<div class=\"elementor-spacer\">\n\t\t\t<div class=\"elementor-spacer-inner\"><\/div>\n\t\t<\/div>\n\t\t\t\t\t\t<\/div>\n\t\t\t\t<\/div>\n\t\t\t\t\t<\/div>\n\t\t<\/div>\n\t\t\t\t\t<\/div>\n\t\t<\/section>\n\t\t\t\t<section class=\"elementor-section elementor-top-section elementor-element elementor-element-d5b5a76 elementor-section-boxed elementor-section-height-default elementor-section-height-default\" data-id=\"d5b5a76\" data-element_type=\"section\">\n\t\t\t\t\t\t<div class=\"elementor-container elementor-column-gap-default\">\n\t\t\t\t\t<div class=\"elementor-column elementor-col-100 elementor-top-column elementor-element elementor-element-ec79a7d\" data-id=\"ec79a7d\" data-element_type=\"column\">\n\t\t\t<div class=\"elementor-widget-wrap elementor-element-populated\">\n\t\t\t\t\t\t<div class=\"elementor-element elementor-element-99c7a34 elementor-widget elementor-widget-heading\" data-id=\"99c7a34\" data-element_type=\"widget\" data-widget_type=\"heading.default\">\n\t\t\t\t<div class=\"elementor-widget-container\">\n\t\t\t\t\t<p class=\"elementor-heading-title elementor-size-default\">Collezione Toile de Jouy<\/p>\t\t\t\t<\/div>\n\t\t\t\t<\/div>\n\t\t\t\t\t<\/div>\n\t\t<\/div>\n\t\t\t\t\t<\/div>\n\t\t<\/section>\n\t\t\t\t<section class=\"elementor-section elementor-top-section elementor-element elementor-element-4fa3d9e elementor-section-boxed elementor-section-height-default elementor-section-height-default\" data-id=\"4fa3d9e\" data-element_type=\"section\" data-settings=\"{&quot;background_background&quot;:&quot;classic&quot;}\">\n\t\t\t\t\t\t<div class=\"elementor-container elementor-column-gap-no\">\n\t\t\t\t\t<div class=\"elementor-column elementor-col-100 elementor-top-column elementor-element elementor-element-3df7aee\" data-id=\"3df7aee\" data-element_type=\"column\">\n\t\t\t<div class=\"elementor-widget-wrap elementor-element-populated\">\n\t\t\t\t\t\t<div class=\"elementor-element elementor-element-e8c7273 elementor-widget elementor-widget-image\" data-id=\"e8c7273\" data-element_type=\"widget\" data-widget_type=\"image.default\">\n\t\t\t\t<div class=\"elementor-widget-container\">\n\t\t\t\t\t\t\t\t\t\t\t\t\t\t\t<img decoding=\"async\" src=\"https:\/\/erikandviktoria.com\/wp-content\/uploads\/elementor\/thumbs\/BABY-HOODED-TOWEL-\u2013-GREY-TOILE-DE-JOUY_05-scaled-e1634394718951-qb6uz2fdp0ltm7qnwryez3ddpydwt53o1h2583zpgg.jpg\" title=\"Accappatoio baby &#8211; Toile de Jouy\" alt=\"Accappatoio baby - Toile de Jouy\" loading=\"lazy\" \/>\t\t\t\t\t\t\t\t\t\t\t\t\t\t\t<\/div>\n\t\t\t\t<\/div>\n\t\t\t\t\t<\/div>\n\t\t<\/div>\n\t\t\t\t\t<\/div>\n\t\t<\/section>\n\t\t\t\t<section class=\"elementor-section elementor-top-section elementor-element elementor-element-d2b91af elementor-section-boxed elementor-section-height-default elementor-section-height-default\" data-id=\"d2b91af\" data-element_type=\"section\">\n\t\t\t\t\t\t<div class=\"elementor-container elementor-column-gap-default\">\n\t\t\t\t\t<div class=\"elementor-column elementor-col-100 elementor-top-column elementor-element elementor-element-b5efc7a\" data-id=\"b5efc7a\" data-element_type=\"column\">\n\t\t\t<div class=\"elementor-widget-wrap elementor-element-populated\">\n\t\t\t\t\t\t<div class=\"elementor-element elementor-element-d40b336 elementor-widget elementor-widget-text-editor\" data-id=\"d40b336\" data-element_type=\"widget\" data-widget_type=\"text-editor.default\">\n\t\t\t\t<div class=\"elementor-widget-container\">\n\t\t\t\t\t\t\t\t\t<p>La nostra collezione Toile de Jouy rimanda allo stile europeo del diciottesimo secolo, un gusto contraddistinto da tessuti di alta qualit\u00e0 ed interni eleganti. Il motivo Toile de Jouy ebbe origine in Francia, verso la fine del diciottesimo secolo. Tale decorazione viene considerata un vero e proprio classico intramontabile, la cui bellezza ed eleganza non passano mai di moda. Durante il processo di riproduzione di questo motivo abbiamo aggiunto deliziose figure di animali, come scoiattoli, lepri o porcospini, utilizzando dei colori pastello tipici del mondo dell\u2019infanzia. Il tutto cos\u00ec da poterlo rendere un capolavoro da esporre nella stanza dei tuoi piccoli. Per i cuscini del lettino abbiamo puntato a delle tonalit\u00e0 pi\u00f9 tenui, mentre per il set lenzuola e asciugami ci siamo indirizzati verso sfumature leggermente pi\u00f9 scure.<\/p>\n<p>La collezione, pensata propriamente per una stanza dei bambini chic e sofisticata, consiste da cuscini \u201cbaby\u201d, set di lenzuola e accessori per il bagno. Nonostante la grandiosit\u00e0 di ciascun pezzo, la resa finale appare di una semplice ma raffinata eleganza. Inoltre, la loro trama soffice e lussuosa, assicurer\u00e0 ai tuoi piccoli un\u2019esperienza davvero unica.<\/p>\n<p>Tutti I prodotti sono fatti a mano in Ungheria, all\u2019interno di un piccolo laboratorio a conduzione familiare, dove l\u2019attenzione al dettaglio e l\u2019eccezionale qualit\u00e0 sono di casa.<\/p>\n<p>Scopri i pi\u00f9 belli accessori da cameretta e bagno della nostra <a href=\"https:\/\/erikandviktoria.com\/shop\/\">collezione Toile de Jouy<\/a>.<\/p>\n<p>Trova l\u2019ispirazione giusta e seguici anche su <a href=\"https:\/\/www.instagram.com\/erikandviktoria\/\" target=\"_blank\" rel=\"noopener\">Instagram<\/a>!<\/p>\n\t\t\t\t\t\t\t\t<\/div>\n\t\t\t\t<\/div>\n\t\t\t\t\t<\/div>\n\t\t<\/div>\n\t\t\t\t\t<\/div>\n\t\t<\/section>\n\t\t\t\t<section class=\"elementor-section elementor-top-section elementor-element elementor-element-36645c8 elementor-section-full_width elementor-section-height-default elementor-section-height-default\" data-id=\"36645c8\" data-element_type=\"section\">\n\t\t\t\t\t\t<div class=\"elementor-container elementor-column-gap-no\">\n\t\t\t\t\t<div class=\"elementor-column elementor-col-100 elementor-top-column elementor-element elementor-element-ef74f16\" data-id=\"ef74f16\" data-element_type=\"column\">\n\t\t\t<div class=\"elementor-widget-wrap elementor-element-populated\">\n\t\t\t\t\t\t<div class=\"elementor-element elementor-element-6171a57 elementor-widget elementor-widget-heading\" data-id=\"6171a57\" data-element_type=\"widget\" data-settings=\"{&quot;motion_fx_motion_fx_mouse&quot;:&quot;yes&quot;}\" data-widget_type=\"heading.default\">\n\t\t\t\t<div class=\"elementor-widget-container\">\n\t\t\t\t\t<h2 class=\"elementor-heading-title elementor-size-default\"><a href=\"https:\/\/erikandviktoria.com\/shop\/\">Scopri la collezione<\/a><\/h2>\t\t\t\t<\/div>\n\t\t\t\t<\/div>\n\t\t\t\t\t<\/div>\n\t\t<\/div>\n\t\t\t\t\t<\/div>\n\t\t<\/section>\n\t\t\t\t<section class=\"elementor-section elementor-top-section elementor-element elementor-element-0684092 elementor-section-boxed elementor-section-height-default elementor-section-height-default\" data-id=\"0684092\" data-element_type=\"section\">\n\t\t\t\t\t\t<div class=\"elementor-container elementor-column-gap-default\">\n\t\t\t\t\t<div class=\"elementor-column elementor-col-100 elementor-top-column elementor-element elementor-element-c162b9b\" data-id=\"c162b9b\" data-element_type=\"column\">\n\t\t\t<div class=\"elementor-widget-wrap elementor-element-populated\">\n\t\t\t\t\t\t<div class=\"elementor-element elementor-element-e693f04 elementor-grid-3 elementor-grid-tablet-3 elementor-grid-mobile-2 elementor-products-grid elementor-wc-products elementor-widget elementor-widget-wc-categories\" data-id=\"e693f04\" data-element_type=\"widget\" data-widget_type=\"wc-categories.default\">\n\t\t\t\t<div class=\"elementor-widget-container\">\n\t\t\t\t\t<div class=\"woocommerce columns-3\"><ul class=\"products elementor-grid columns-3\">\n<li class=\"product-category product first\">\n\t<a aria-label=\"Visita categoria del prodotto Set di lenzuola\" href=\"https:\/\/erikandviktoria.com\/it\/product-category\/set-di-lenzuola\/\"><img decoding=\"async\" src=\"https:\/\/erikandviktoria.com\/wp-content\/uploads\/2021\/11\/Category_Bedding-set-300x451.jpg\" alt=\"Set di lenzuola\" width=\"300\" height=\"\" \/>\t\t<h2 class=\"woocommerce-loop-category__title\">\n\t\t\tSet di lenzuola<mark class=\"count\">4 prodotti<\/mark>\t\t<\/h2>\n\t\t<\/a><\/li>\n<li class=\"product-category product\">\n\t<a aria-label=\"Visita categoria del prodotto Cuscino\" href=\"https:\/\/erikandviktoria.com\/it\/product-category\/cuscino\/\"><img decoding=\"async\" src=\"https:\/\/erikandviktoria.com\/wp-content\/uploads\/2021\/11\/Category_Pillow-300x451.jpg\" alt=\"Cuscino\" width=\"300\" height=\"\" \/>\t\t<h2 class=\"woocommerce-loop-category__title\">\n\t\t\tCuscino<mark class=\"count\">4 prodotti<\/mark>\t\t<\/h2>\n\t\t<\/a><\/li>\n<li class=\"product-category product last\">\n\t<a aria-label=\"Visita categoria del prodotto Accappatoio\" href=\"https:\/\/erikandviktoria.com\/it\/product-category\/accappatoio\/\"><img decoding=\"async\" src=\"https:\/\/erikandviktoria.com\/wp-content\/uploads\/2021\/11\/Category_Towel-300x451.jpg\" alt=\"Accappatoio\" width=\"300\" height=\"\" \/>\t\t<h2 class=\"woocommerce-loop-category__title\">\n\t\t\tAccappatoio<mark class=\"count\">3 prodotti<\/mark>\t\t<\/h2>\n\t\t<\/a><\/li>\n<\/ul>\n<\/div>\t\t\t\t<\/div>\n\t\t\t\t<\/div>\n\t\t\t\t\t<\/div>\n\t\t<\/div>\n\t\t\t\t\t<\/div>\n\t\t<\/section>\n\t\t\t\t<\/div>\n\t\t","protected":false},"excerpt":{"rendered":"<p>Collezione Toile de Jouy La nostra collezione Toile de Jouy rimanda allo stile europeo del diciottesimo secolo, un gusto contraddistinto da tessuti di alta qualit\u00e0 ed interni eleganti. Il motivo Toile de Jouy ebbe origine in Francia, verso la fine del diciottesimo secolo. Tale decorazione viene considerata un vero e proprio classico intramontabile, la cui [&hellip;]<\/p>\n","protected":false},"author":1,"featured_media":0,"parent":0,"menu_order":0,"comment_status":"closed","ping_status":"closed","template":"","meta":{"_monsterinsights_skip_tracking":false,"_monsterinsights_sitenote_active":false,"_monsterinsights_sitenote_note":"","_monsterinsights_sitenote_category":0,"site-sidebar-layout":"no-sidebar","site-content-layout":"page-builder","ast-site-content-layout":"default","site-content-style":"default","site-sidebar-style":"default","ast-global-header-display":"","ast-banner-title-visibility":"","ast-main-header-display":"","ast-hfb-above-header-display":"","ast-hfb-below-header-display":"","ast-hfb-mobile-header-display":"","site-post-title":"disabled","ast-breadcrumbs-content":"","ast-featured-img":"disabled","footer-sml-layout":"","theme-transparent-header-meta":"default","adv-header-id-meta":"","stick-header-meta":"default","header-above-stick-meta":"","header-main-stick-meta":"","header-below-stick-meta":"","astra-migrate-meta-layouts":"default","ast-page-background-enabled":"default","ast-page-background-meta":{"desktop":{"background-color":"","background-image":"","background-repeat":"repeat","background-position":"center center","background-size":"auto","background-attachment":"scroll","background-type":"","background-media":"","overlay-type":"","overlay-color":"","overlay-opacity":"","overlay-gradient":""},"tablet":{"background-color":"","background-image":"","background-repeat":"repeat","background-position":"center center","background-size":"auto","background-attachment":"scroll","background-type":"","background-media":"","overlay-type":"","overlay-color":"","overlay-opacity":"","overlay-gradient":""},"mobile":{"background-color":"","background-image":"","background-repeat":"repeat","background-position":"center center","background-size":"auto","background-attachment":"scroll","background-type":"","background-media":"","overlay-type":"","overlay-color":"","overlay-opacity":"","overlay-gradient":""}},"ast-content-background-meta":{"desktop":{"background-color":"var(--ast-global-color-5)","background-image":"","background-repeat":"repeat","background-position":"center center","background-size":"auto","background-attachment":"scroll","background-type":"","background-media":"","overlay-type":"","overlay-color":"","overlay-opacity":"","overlay-gradient":""},"tablet":{"background-color":"var(--ast-global-color-5)","background-image":"","background-repeat":"repeat","background-position":"center center","background-size":"auto","background-attachment":"scroll","background-type":"","background-media":"","overlay-type":"","overlay-color":"","overlay-opacity":"","overlay-gradient":""},"mobile":{"background-color":"var(--ast-global-color-5)","background-image":"","background-repeat":"repeat","background-position":"center center","background-size":"auto","background-attachment":"scroll","background-type":"","background-media":"","overlay-type":"","overlay-color":"","overlay-opacity":"","overlay-gradient":""}},"footnotes":""},"class_list":["post-1917","page","type-page","status-publish","hentry"],"yoast_head":"<!-- This site is optimized with the Yoast SEO plugin v26.0 - https:\/\/yoast.com\/wordpress\/plugins\/seo\/ -->\n<title>Collezioni - ERIK &amp; VIKTORIA<\/title>\n<meta name=\"description\" content=\"Articoli della nostra collezione Toile de Jouy, con la loro eleganza e colori pastello, alzeranno lo stile della tua nursery.\" \/>\n<meta name=\"robots\" content=\"index, follow, max-snippet:-1, max-image-preview:large, max-video-preview:-1\" \/>\n<link rel=\"canonical\" href=\"https:\/\/erikandviktoria.com\/it\/collezioni\/\" \/>\n<meta property=\"og:locale\" content=\"it_IT\" \/>\n<meta property=\"og:type\" content=\"article\" \/>\n<meta property=\"og:title\" content=\"Collezioni - ERIK &amp; VIKTORIA\" \/>\n<meta property=\"og:description\" content=\"Articoli della nostra collezione Toile de Jouy, con la loro eleganza e colori pastello, alzeranno lo stile della tua nursery.\" \/>\n<meta property=\"og:url\" content=\"https:\/\/erikandviktoria.com\/it\/collezioni\/\" \/>\n<meta property=\"og:site_name\" content=\"ERIK &amp; VIKTORIA\" \/>\n<meta property=\"article:modified_time\" content=\"2021-11-21T11:41:06+00:00\" \/>\n<meta property=\"og:image\" content=\"https:\/\/erikandviktoria.com\/wp-content\/uploads\/elementor\/thumbs\/BABY-HOODED-TOWEL-\u2013-GREY-TOILE-DE-JOUY_05-scaled-e1634394718951-penjt0toc6ccunna3mi9y5qu1a3v8rou9qytdqh7kw.jpg\" \/>\n<meta name=\"twitter:card\" content=\"summary_large_image\" \/>\n<meta name=\"twitter:label1\" content=\"Tempo di lettura stimato\" \/>\n\t<meta name=\"twitter:data1\" content=\"2 minuti\" \/>\n<script type=\"application\/ld+json\" class=\"yoast-schema-graph\">{\"@context\":\"https:\/\/schema.org\",\"@graph\":[{\"@type\":\"WebPage\",\"@id\":\"https:\/\/erikandviktoria.com\/it\/collezioni\/\",\"url\":\"https:\/\/erikandviktoria.com\/it\/collezioni\/\",\"name\":\"Collezioni - ERIK &amp; VIKTORIA\",\"isPartOf\":{\"@id\":\"https:\/\/erikandviktoria.com\/it\/#website\"},\"datePublished\":\"2021-09-12T11:14:29+00:00\",\"dateModified\":\"2021-11-21T11:41:06+00:00\",\"description\":\"Articoli della nostra collezione Toile de Jouy, con la loro eleganza e colori pastello, alzeranno lo stile della tua nursery.\",\"breadcrumb\":{\"@id\":\"https:\/\/erikandviktoria.com\/it\/collezioni\/#breadcrumb\"},\"inLanguage\":\"it-IT\",\"potentialAction\":[{\"@type\":\"ReadAction\",\"target\":[\"https:\/\/erikandviktoria.com\/it\/collezioni\/\"]}]},{\"@type\":\"BreadcrumbList\",\"@id\":\"https:\/\/erikandviktoria.com\/it\/collezioni\/#breadcrumb\",\"itemListElement\":[{\"@type\":\"ListItem\",\"position\":1,\"name\":\"Home\",\"item\":\"https:\/\/erikandviktoria.com\/it\/home\/\"},{\"@type\":\"ListItem\",\"position\":2,\"name\":\"Collezioni\"}]},{\"@type\":\"WebSite\",\"@id\":\"https:\/\/erikandviktoria.com\/it\/#website\",\"url\":\"https:\/\/erikandviktoria.com\/it\/\",\"name\":\"ERIK &amp; VIKTORIA\",\"description\":\"\",\"potentialAction\":[{\"@type\":\"SearchAction\",\"target\":{\"@type\":\"EntryPoint\",\"urlTemplate\":\"https:\/\/erikandviktoria.com\/it\/?s={search_term_string}\"},\"query-input\":{\"@type\":\"PropertyValueSpecification\",\"valueRequired\":true,\"valueName\":\"search_term_string\"}}],\"inLanguage\":\"it-IT\"}]}<\/script>\n<!-- \/ Yoast SEO plugin. -->","yoast_head_json":{"title":"Collezioni - ERIK &amp; VIKTORIA","description":"Articoli della nostra collezione Toile de Jouy, con la loro eleganza e colori pastello, alzeranno lo stile della tua nursery.","robots":{"index":"index","follow":"follow","max-snippet":"max-snippet:-1","max-image-preview":"max-image-preview:large","max-video-preview":"max-video-preview:-1"},"canonical":"https:\/\/erikandviktoria.com\/it\/collezioni\/","og_locale":"it_IT","og_type":"article","og_title":"Collezioni - ERIK &amp; VIKTORIA","og_description":"Articoli della nostra collezione Toile de Jouy, con la loro eleganza e colori pastello, alzeranno lo stile della tua nursery.","og_url":"https:\/\/erikandviktoria.com\/it\/collezioni\/","og_site_name":"ERIK &amp; VIKTORIA","article_modified_time":"2021-11-21T11:41:06+00:00","og_image":[{"url":"https:\/\/erikandviktoria.com\/wp-content\/uploads\/elementor\/thumbs\/BABY-HOODED-TOWEL-\u2013-GREY-TOILE-DE-JOUY_05-scaled-e1634394718951-penjt0toc6ccunna3mi9y5qu1a3v8rou9qytdqh7kw.jpg","type":"","width":"","height":""}],"twitter_card":"summary_large_image","twitter_misc":{"Tempo di lettura stimato":"2 minuti"},"schema":{"@context":"https:\/\/schema.org","@graph":[{"@type":"WebPage","@id":"https:\/\/erikandviktoria.com\/it\/collezioni\/","url":"https:\/\/erikandviktoria.com\/it\/collezioni\/","name":"Collezioni - ERIK &amp; VIKTORIA","isPartOf":{"@id":"https:\/\/erikandviktoria.com\/it\/#website"},"datePublished":"2021-09-12T11:14:29+00:00","dateModified":"2021-11-21T11:41:06+00:00","description":"Articoli della nostra collezione Toile de Jouy, con la loro eleganza e colori pastello, alzeranno lo stile della tua nursery.","breadcrumb":{"@id":"https:\/\/erikandviktoria.com\/it\/collezioni\/#breadcrumb"},"inLanguage":"it-IT","potentialAction":[{"@type":"ReadAction","target":["https:\/\/erikandviktoria.com\/it\/collezioni\/"]}]},{"@type":"BreadcrumbList","@id":"https:\/\/erikandviktoria.com\/it\/collezioni\/#breadcrumb","itemListElement":[{"@type":"ListItem","position":1,"name":"Home","item":"https:\/\/erikandviktoria.com\/it\/home\/"},{"@type":"ListItem","position":2,"name":"Collezioni"}]},{"@type":"WebSite","@id":"https:\/\/erikandviktoria.com\/it\/#website","url":"https:\/\/erikandviktoria.com\/it\/","name":"ERIK &amp; VIKTORIA","description":"","potentialAction":[{"@type":"SearchAction","target":{"@type":"EntryPoint","urlTemplate":"https:\/\/erikandviktoria.com\/it\/?s={search_term_string}"},"query-input":{"@type":"PropertyValueSpecification","valueRequired":true,"valueName":"search_term_string"}}],"inLanguage":"it-IT"}]}},"jetpack_sharing_enabled":true,"_links":{"self":[{"href":"https:\/\/erikandviktoria.com\/it\/wp-json\/wp\/v2\/pages\/1917","targetHints":{"allow":["GET"]}}],"collection":[{"href":"https:\/\/erikandviktoria.com\/it\/wp-json\/wp\/v2\/pages"}],"about":[{"href":"https:\/\/erikandviktoria.com\/it\/wp-json\/wp\/v2\/types\/page"}],"author":[{"embeddable":true,"href":"https:\/\/erikandviktoria.com\/it\/wp-json\/wp\/v2\/users\/1"}],"replies":[{"embeddable":true,"href":"https:\/\/erikandviktoria.com\/it\/wp-json\/wp\/v2\/comments?post=1917"}],"version-history":[{"count":11,"href":"https:\/\/erikandviktoria.com\/it\/wp-json\/wp\/v2\/pages\/1917\/revisions"}],"predecessor-version":[{"id":2643,"href":"https:\/\/erikandviktoria.com\/it\/wp-json\/wp\/v2\/pages\/1917\/revisions\/2643"}],"wp:attachment":[{"href":"https:\/\/erikandviktoria.com\/it\/wp-json\/wp\/v2\/media?parent=1917"}],"curies":[{"name":"wp","href":"https:\/\/api.w.org\/{rel}","templated":true}]}}